{"id":163,"date":"2023-09-24T22:24:02","date_gmt":"2023-09-24T22:24:02","guid":{"rendered":"https:\/\/asthmaar.com\/?page_id=163"},"modified":"2024-01-24T21:18:28","modified_gmt":"2024-01-24T21:18:28","slug":"en-espanol","status":"publish","type":"page","link":"https:\/\/asthmaar.com\/?page_id=163","title":{"rendered":"Entendiendo el Asma\u00a0En Espa\u00f1ol"},"content":{"rendered":"<div data-elementor-type=\"wp-page\" data-elementor-id=\"163\" class=\"elementor elementor-163\"> \t\t\t\t\t\t<section class=\"elementor-section elementor-top-section elementor-element elementor-element-d89492f elementor-section-boxed elementor-section-height-default elementor-section-height-default\" data-id=\"d89492f\" data-element_type=\"section\"> \t\t\t\t\t\t<div class=\"elementor-container elementor-column-gap-default\"> \t\t\t\t\t<div class=\"elementor-column elementor-col-100 elementor-top-column elementor-element elementor-element-5086c57\" data-id=\"5086c57\" data-element_type=\"column\"> \t\t\t<div class=\"elementor-widget-wrap elementor-element-populated\"> \t\t\t\t\t\t<div class=\"elementor-element elementor-element-e9aa814 elementor-widget elementor-widget-text-editor\" data-id=\"e9aa814\" data-element_type=\"widget\" data-widget_type=\"text-editor.default\"> \t\t\t\t<div class=\"elementor-widget-container\"> \t\t\t<style>\/*! elementor - v3.20.0 - 20-03-2024 *\/ .elementor-widget-text-editor.elementor-drop-cap-view-stacked .elementor-drop-cap{background-color:#69727d;color:#fff}.elementor-widget-text-editor.elementor-drop-cap-view-framed .elementor-drop-cap{color:#69727d;border:3px solid;background-color:transparent}.elementor-widget-text-editor:not(.elementor-drop-cap-view-default) .elementor-drop-cap{margin-top:8px}.elementor-widget-text-editor:not(.elementor-drop-cap-view-default) .elementor-drop-cap-letter{width:1em;height:1em}.elementor-widget-text-editor .elementor-drop-cap{float:left;text-align:center;line-height:1;font-size:50px}.elementor-widget-text-editor .elementor-drop-cap-letter{display:inline-block}<\/style>\t\t\t\t<p><span data-contrast=\"auto\">El asma es un problema de salud grave. Si usted no tiene el asma bajo control, puede ser peligroso. Algunos ataques de asma pueden ser tan graves que causan la muerte si no se trata r\u00e1pidamente. Siga leyendo para obtener m\u00e1s informaci\u00f3n sobre:<\/span><span data-ccp-props=\"{}\">\u00a0<\/span><\/p><ul><li data-leveltext=\"\u25cf\" data-font=\"Noto Sans Symbols\" data-listid=\"8\" data-list-defn-props=\"{&quot;335552541&quot;:1,&quot;335559684&quot;:-2,&quot;335559685&quot;:720,&quot;335559991&quot;:360,&quot;469769226&quot;:&quot;Noto Sans Symbols&quot;,&quot;469769242&quot;:[8226],&quot;469777803&quot;:&quot;left&quot;,&quot;469777804&quot;:&quot;\u25cf&quot;,&quot;469777815&quot;:&quot;multilevel&quot;}\" aria-setsize=\"-1\" data-aria-posinset=\"1\" data-aria-level=\"1\"><span data-contrast=\"auto\">Asma y c\u00f3mo controlar sus s\u00edntomas\u00a0<\/span><span data-ccp-props=\"{}\">\u00a0<\/span><\/li><li data-leveltext=\"\u25cf\" data-font=\"Noto Sans Symbols\" data-listid=\"8\" data-list-defn-props=\"{&quot;335552541&quot;:1,&quot;335559684&quot;:-2,&quot;335559685&quot;:720,&quot;335559991&quot;:360,&quot;469769226&quot;:&quot;Noto Sans Symbols&quot;,&quot;469769242&quot;:[8226],&quot;469777803&quot;:&quot;left&quot;,&quot;469777804&quot;:&quot;\u25cf&quot;,&quot;469777815&quot;:&quot;multilevel&quot;}\" aria-setsize=\"-1\" data-aria-posinset=\"2\" data-aria-level=\"1\"><span data-contrast=\"auto\">Desencadenantes y tratamientos<\/span><\/li><li data-leveltext=\"\u25cf\" data-font=\"Noto Sans Symbols\" data-listid=\"8\" data-list-defn-props=\"{&quot;335552541&quot;:1,&quot;335559684&quot;:-2,&quot;335559685&quot;:720,&quot;335559991&quot;:360,&quot;469769226&quot;:&quot;Noto Sans Symbols&quot;,&quot;469769242&quot;:[8226],&quot;469777803&quot;:&quot;left&quot;,&quot;469777804&quot;:&quot;\u25cf&quot;,&quot;469777815&quot;:&quot;multilevel&quot;}\" aria-setsize=\"-1\" data-aria-posinset=\"2\" data-aria-level=\"1\"><span data-contrast=\"auto\">Qu\u00e9 hacer en una emergencia de asma<\/span><\/li><li data-leveltext=\"\u25cf\" data-font=\"Noto Sans Symbols\" data-listid=\"8\" data-list-defn-props=\"{&quot;335552541&quot;:1,&quot;335559684&quot;:-2,&quot;335559685&quot;:720,&quot;335559991&quot;:360,&quot;469769226&quot;:&quot;Noto Sans Symbols&quot;,&quot;469769242&quot;:[8226],&quot;469777803&quot;:&quot;left&quot;,&quot;469777804&quot;:&quot;\u25cf&quot;,&quot;469777815&quot;:&quot;multilevel&quot;}\" aria-setsize=\"-1\" data-aria-posinset=\"2\" data-aria-level=\"1\"><span data-contrast=\"auto\">D\u00f3nde ir para aprender m\u00e1s<\/span><span data-ccp-props=\"{}\">\u00a0<\/span><\/li><\/ul>\t\t\t\t\t\t<\/div> \t\t\t\t<\/div> \t\t\t\t<div class=\"elementor-element elementor-element-cf87242 elementor-widget elementor-widget-video\" data-id=\"cf87242\" data-element_type=\"widget\" data-settings=\"{&quot;youtube_url&quot;:&quot;https:\\\/\\\/youtu.be\\\/0a7zkfbGxxg?feature=shared&quot;,&quot;video_type&quot;:&quot;youtube&quot;,&quot;controls&quot;:&quot;yes&quot;}\" data-widget_type=\"video.default\"> \t\t\t\t<div class=\"elementor-widget-container\"> \t\t\t<style>\/*! elementor - v3.20.0 - 20-03-2024 *\/ .elementor-widget-video .elementor-widget-container{overflow:hidden;transform:translateZ(0)}.elementor-widget-video .elementor-wrapper{aspect-ratio:var(--video-aspect-ratio)}.elementor-widget-video .elementor-wrapper iframe,.elementor-widget-video .elementor-wrapper video{height:100%;width:100%;display:flex;border:none;background-color:#000}@supports not (aspect-ratio:1\/1){.elementor-widget-video .elementor-wrapper{position:relative;overflow:hidden;height:0;padding-bottom:calc(100% \/ var(--video-aspect-ratio))}.elementor-widget-video .elementor-wrapper iframe,.elementor-widget-video .elementor-wrapper video{position:absolute;top:0;right:0;bottom:0;left:0}}.elementor-widget-video .elementor-open-inline .elementor-custom-embed-image-overlay{position:absolute;top:0;right:0;bottom:0;left:0;background-size:cover;background-position:50%}.elementor-widget-video .elementor-custom-embed-image-overlay{cursor:pointer;text-align:center}.elementor-widget-video .elementor-custom-embed-image-overlay:hover .elementor-custom-embed-play i{opacity:1}.elementor-widget-video .elementor-custom-embed-image-overlay img{display:block;width:100%;aspect-ratio:var(--video-aspect-ratio);-o-object-fit:cover;object-fit:cover;-o-object-position:center center;object-position:center center}@supports not (aspect-ratio:1\/1){.elementor-widget-video .elementor-custom-embed-image-overlay{position:relative;overflow:hidden;height:0;padding-bottom:calc(100% \/ var(--video-aspect-ratio))}.elementor-widget-video .elementor-custom-embed-image-overlay img{position:absolute;top:0;right:0;bottom:0;left:0}}.elementor-widget-video .e-hosted-video .elementor-video{-o-object-fit:cover;object-fit:cover}.e-con-inner>.elementor-widget-video,.e-con>.elementor-widget-video{width:var(--container-widget-width);--flex-grow:var(--container-widget-flex-grow)}<\/style>\t\t<div class=\"elementor-wrapper elementor-open-inline\"> \t\t\t<div class=\"elementor-video\"><\/div>\t\t<\/div> \t\t\t\t<\/div> \t\t\t\t<\/div> \t\t\t\t<div class=\"elementor-element elementor-element-577864a elementor-widget elementor-widget-heading\" data-id=\"577864a\" data-element_type=\"widget\" data-widget_type=\"heading.default\"> \t\t\t\t<div class=\"elementor-widget-container\"> \t\t\t<style>\/*! elementor - v3.20.0 - 20-03-2024 *\/ .elementor-heading-title{padding:0;margin:0;line-height:1}.elementor-widget-heading .elementor-heading-title[class*=elementor-size-]>a{color:inherit;font-size:inherit;line-height:inherit}.elementor-widget-heading .elementor-heading-title.elementor-size-small{font-size:15px}.elementor-widget-heading .elementor-heading-title.elementor-size-medium{font-size:19px}.elementor-widget-heading .elementor-heading-title.elementor-size-large{font-size:29px}.elementor-widget-heading .elementor-heading-title.elementor-size-xl{font-size:39px}.elementor-widget-heading .elementor-heading-title.elementor-size-xxl{font-size:59px}<\/style><h2 class=\"elementor-heading-title elementor-size-default\">\u00bfQu\u00e9 es el asma?\u202f <\/h2>\t\t<\/div> \t\t\t\t<\/div> \t\t\t\t<div class=\"elementor-element elementor-element-fb5730a elementor-widget elementor-widget-text-editor\" data-id=\"fb5730a\" data-element_type=\"widget\" data-widget_type=\"text-editor.default\"> \t\t\t\t<div class=\"elementor-widget-container\"> \t\t\t\t\t\t\t<p><span data-contrast=\"none\">El asma es una enfermedad cr\u00f3nica (de larga duraci\u00f3n) que afecta los pulmones. El asma ataca las v\u00edas respiratorias, que transportan aire a los pulmones. Puede pensar en sus v\u00edas respiratorias como las ramas de un \u00e1rbol que se hacen m\u00e1s peque\u00f1as mientras salen del tronco (los pulmones). El asma puede irritar e hinchar las v\u00edas respiratorias. Cuando esto sucede, las v\u00edas respiratorias se vuelven m\u00e1s peque\u00f1as y no deja entrar ni salir el aire de sus pulmones como deber\u00edan.<\/span><span data-contrast=\"none\">\u00a0<\/span><span data-ccp-props=\"{}\">\u00a0<\/span><\/p><p><span data-contrast=\"auto\">Cuando su asma no est\u00e1 controlada, puede ser peligroso porque sus pulmones no funcionan tan bien. Hasta se puede enfermar lo suficiente como para ir al hospital.<\/span><span data-ccp-props=\"{}\">\u00a0<\/span><\/p>\t\t\t\t\t\t<\/div> \t\t\t\t<\/div> \t\t\t\t<div class=\"elementor-element elementor-element-b1113ee elementor-widget elementor-widget-image\" data-id=\"b1113ee\" data-element_type=\"widget\" data-widget_type=\"image.default\"> \t\t\t\t<div class=\"elementor-widget-container\"> \t\t\t<style>\/*! elementor - v3.20.0 - 20-03-2024 *\/ .elementor-widget-image{text-align:center}.elementor-widget-image a{display:inline-block}.elementor-widget-image a img[src$=\".svg\"]{width:48px}.elementor-widget-image img{vertical-align:middle;display:inline-block}<\/style>\t\t\t\t\t\t\t\t\t\t<img fetchpriority=\"high\" decoding=\"async\" width=\"1024\" height=\"585\" src=\"https:\/\/asthmaar.com\/wp-content\/uploads\/2024\/01\/IMG_4515-1024x585.png\" class=\"attachment-large size-large wp-image-317\" alt=\"\" srcset=\"https:\/\/asthmaar.com\/wp-content\/uploads\/2024\/01\/IMG_4515-1024x585.png 1024w, https:\/\/asthmaar.com\/wp-content\/uploads\/2024\/01\/IMG_4515-300x171.png 300w, https:\/\/asthmaar.com\/wp-content\/uploads\/2024\/01\/IMG_4515-768x439.png 768w, https:\/\/asthmaar.com\/wp-content\/uploads\/2024\/01\/IMG_4515.png 1050w\" sizes=\"(max-width: 1024px) 100vw, 1024px\" \/>\t\t\t\t\t\t\t\t\t\t\t\t\t<\/div> \t\t\t\t<\/div> \t\t\t\t<div class=\"elementor-element elementor-element-3ea0631 elementor-widget elementor-widget-heading\" data-id=\"3ea0631\" data-element_type=\"widget\" data-widget_type=\"heading.default\"> \t\t\t\t<div class=\"elementor-widget-container\"> \t\t\t<h2 class=\"elementor-heading-title elementor-size-default\">\u00bfCu\u00e1les son los s\u00edntomas del asma? <\/h2>\t\t<\/div> \t\t\t\t<\/div> \t\t\t\t<div class=\"elementor-element elementor-element-f4f2be7 elementor-widget elementor-widget-text-editor\" data-id=\"f4f2be7\" data-element_type=\"widget\" data-widget_type=\"text-editor.default\"> \t\t\t\t<div class=\"elementor-widget-container\"> \t\t\t\t\t\t\t<p><span data-contrast=\"auto\">El asma puede causar<\/span><span data-contrast=\"none\">:\u00a0<\/span><span data-ccp-props=\"{}\">\u00a0<\/span><\/p><ul><li data-leveltext=\"\u25cf\" data-font=\"Noto Sans Symbols\" data-listid=\"6\" data-list-defn-props=\"{&quot;335552541&quot;:1,&quot;335559684&quot;:-2,&quot;335559685&quot;:720,&quot;335559991&quot;:360,&quot;469769226&quot;:&quot;Noto Sans Symbols&quot;,&quot;469769242&quot;:[8226],&quot;469777803&quot;:&quot;left&quot;,&quot;469777804&quot;:&quot;\u25cf&quot;,&quot;469777815&quot;:&quot;multilevel&quot;}\" aria-setsize=\"-1\" data-aria-posinset=\"1\" data-aria-level=\"1\"><span data-contrast=\"auto\">Silbido al respirar<\/span><span data-ccp-props=\"{}\">\u00a0<\/span><\/li><li data-leveltext=\"\u25cf\" data-font=\"Noto Sans Symbols\" data-listid=\"6\" data-list-defn-props=\"{&quot;335552541&quot;:1,&quot;335559684&quot;:-2,&quot;335559685&quot;:720,&quot;335559991&quot;:360,&quot;469769226&quot;:&quot;Noto Sans Symbols&quot;,&quot;469769242&quot;:[8226],&quot;469777803&quot;:&quot;left&quot;,&quot;469777804&quot;:&quot;\u25cf&quot;,&quot;469777815&quot;:&quot;multilevel&quot;}\" aria-setsize=\"-1\" data-aria-posinset=\"2\" data-aria-level=\"1\"><span data-contrast=\"auto\">Dificultad al respirar\u00a0<\/span><span data-ccp-props=\"{}\">\u00a0<\/span><\/li><li data-leveltext=\"\u25cf\" data-font=\"Noto Sans Symbols\" data-listid=\"6\" data-list-defn-props=\"{&quot;335552541&quot;:1,&quot;335559684&quot;:-2,&quot;335559685&quot;:720,&quot;335559991&quot;:360,&quot;469769226&quot;:&quot;Noto Sans Symbols&quot;,&quot;469769242&quot;:[8226],&quot;469777803&quot;:&quot;left&quot;,&quot;469777804&quot;:&quot;\u25cf&quot;,&quot;469777815&quot;:&quot;multilevel&quot;}\" aria-setsize=\"-1\" data-aria-posinset=\"3\" data-aria-level=\"1\"><span data-contrast=\"auto\">Presi\u00f3n en el pecho<\/span><\/li><li data-leveltext=\"\u25cf\" data-font=\"Noto Sans Symbols\" data-listid=\"6\" data-list-defn-props=\"{&quot;335552541&quot;:1,&quot;335559684&quot;:-2,&quot;335559685&quot;:720,&quot;335559991&quot;:360,&quot;469769226&quot;:&quot;Noto Sans Symbols&quot;,&quot;469769242&quot;:[8226],&quot;469777803&quot;:&quot;left&quot;,&quot;469777804&quot;:&quot;\u25cf&quot;,&quot;469777815&quot;:&quot;multilevel&quot;}\" aria-setsize=\"-1\" data-aria-posinset=\"3\" data-aria-level=\"1\"><span data-contrast=\"auto\">Tos en la noche o temprano en la ma\u00f1ana<\/span><span data-ccp-props=\"{}\">\u00a0<\/span><\/li><\/ul>\t\t\t\t\t\t<\/div> \t\t\t\t<\/div> \t\t\t\t<div class=\"elementor-element elementor-element-c5c32ac elementor-widget elementor-widget-heading\" data-id=\"c5c32ac\" data-element_type=\"widget\" data-widget_type=\"heading.default\"> \t\t\t\t<div class=\"elementor-widget-container\"> \t\t\t<h2 class=\"elementor-heading-title elementor-size-default\">\u00bfQu\u00e9 causa el asma?\u202f <\/h2>\t\t<\/div> \t\t\t\t<\/div> \t\t\t\t<div class=\"elementor-element elementor-element-ff687c4 elementor-widget elementor-widget-text-editor\" data-id=\"ff687c4\" data-element_type=\"widget\" data-widget_type=\"text-editor.default\"> \t\t\t\t<div class=\"elementor-widget-container\"> \t\t\t\t\t\t\t<p><span class=\"TextRun SCXW128439885 BCX4\" lang=\"ES-MX\" xml:lang=\"ES-MX\" data-contrast=\"none\"><span class=\"NormalTextRun SCXW128439885 BCX4\">No siempre sabemos qu\u00e9 causa el asma. Pero s\u00ed sabemos <\/span><span class=\"NormalTextRun SCXW128439885 BCX4\">que,<\/span><span class=\"NormalTextRun SCXW128439885 BCX4\"> si <\/span><span class=\"NormalTextRun SCXW128439885 BCX4\">hay <\/span><span class=\"NormalTextRun SCXW128439885 BCX4\">alguien m\u00e1s en su familia<\/span><span class=\"NormalTextRun SCXW128439885 BCX4\"> que<\/span><span class=\"NormalTextRun SCXW128439885 BCX4\"> tiene asma, usted tiene m\u00e1s probabilidad de tenerla. Es la enfermedad cr\u00f3nica m\u00e1s com\u00fan en los ni\u00f1os. Los adultos tambi\u00e9n pueden tener asma.<\/span><\/span><span class=\"EOP SCXW128439885 BCX4\" data-ccp-props=\"{}\">\u00a0<\/span><\/p>\t\t\t\t\t\t<\/div> \t\t\t\t<\/div> \t\t\t\t<div class=\"elementor-element elementor-element-a09300d elementor-widget elementor-widget-heading\" data-id=\"a09300d\" data-element_type=\"widget\" data-widget_type=\"heading.default\"> \t\t\t\t<div class=\"elementor-widget-container\"> \t\t\t<h2 class=\"elementor-heading-title elementor-size-default\">\u00bfC\u00f3mo puedo saber si tengo asma?\u202f <\/h2>\t\t<\/div> \t\t\t\t<\/div> \t\t\t\t<div class=\"elementor-element elementor-element-845c883 elementor-widget elementor-widget-text-editor\" data-id=\"845c883\" data-element_type=\"widget\" data-widget_type=\"text-editor.default\"> \t\t\t\t<div class=\"elementor-widget-container\"> \t\t\t\t\t\t\t<p><span class=\"TextRun SCXW185701683 BCX4\" lang=\"ES-MX\" xml:lang=\"ES-MX\" data-contrast=\"none\"><span class=\"NormalTextRun SCXW185701683 BCX4\">Los <\/span><span class=\"NormalTextRun SCXW185701683 BCX4\">doctore<\/span><span class=\"NormalTextRun SCXW185701683 BCX4\">s pueden saber si usted tiene asma <\/span><span class=\"NormalTextRun SCXW185701683 BCX4\">haci\u00e9ndo<\/span><span class=\"NormalTextRun SCXW185701683 BCX4\">le<\/span><span class=\"NormalTextRun SCXW185701683 BCX4\"> preguntas. Tambi\u00e9n <\/span><span class=\"NormalTextRun SCXW185701683 BCX4\">usa<\/span><span class=\"NormalTextRun SCXW185701683 BCX4\">n una prueba llamada <\/span><span class=\"NormalTextRun SCXW185701683 BCX4\">espir\u00f3metro<\/span><span class=\"NormalTextRun SCXW185701683 BCX4\">. Esta prueba mide la cantidad de aire que puede exhalar con fuerza despu\u00e9s de respirar muy profundamente.<\/span><\/span><span class=\"EOP SCXW185701683 BCX4\" data-ccp-props=\"{}\">\u00a0<\/span><\/p>\t\t\t\t\t\t<\/div> \t\t\t\t<\/div> \t\t\t\t\t<\/div> \t\t<\/div> \t\t\t\t\t<\/div> \t\t<\/section> \t\t\t\t<\/div>","protected":false},"excerpt":{"rendered":"<p>El asma es un problema de salud grave. Si usted no tiene el asma bajo control, puede ser peligroso. Algunos ataques de asma pueden ser tan graves que causan la muerte si no se trata r\u00e1pidamente. Siga leyendo para obtener m\u00e1s informaci\u00f3n sobre:\u00a0 Asma y c\u00f3mo controlar sus s\u00edntomas\u00a0\u00a0 Desencadenantes y tratamientos Qu\u00e9 hacer en [&hellip;]<\/p>\n","protected":false},"author":1,"featured_media":0,"parent":0,"menu_order":0,"comment_status":"closed","ping_status":"closed","template":"","meta":{"om_disable_all_campaigns":false,"_monsterinsights_skip_tracking":false,"_monsterinsights_sitenote_active":false,"_monsterinsights_sitenote_note":"","_monsterinsights_sitenote_category":0,"_uf_show_specific_survey":0,"_uf_disable_surveys":false},"aioseo_notices":[],"_links":{"self":[{"href":"https:\/\/asthmaar.com\/index.php?rest_route=\/wp\/v2\/pages\/163"}],"collection":[{"href":"https:\/\/asthmaar.com\/index.php?rest_route=\/wp\/v2\/pages"}],"about":[{"href":"https:\/\/asthmaar.com\/index.php?rest_route=\/wp\/v2\/types\/page"}],"author":[{"embeddable":true,"href":"https:\/\/asthmaar.com\/index.php?rest_route=\/wp\/v2\/users\/1"}],"replies":[{"embeddable":true,"href":"https:\/\/asthmaar.com\/index.php?rest_route=%2Fwp%2Fv2%2Fcomments&post=163"}],"version-history":[{"count":14,"href":"https:\/\/asthmaar.com\/index.php?rest_route=\/wp\/v2\/pages\/163\/revisions"}],"predecessor-version":[{"id":320,"href":"https:\/\/asthmaar.com\/index.php?rest_route=\/wp\/v2\/pages\/163\/revisions\/320"}],"wp:attachment":[{"href":"https:\/\/asthmaar.com\/index.php?rest_route=%2Fwp%2Fv2%2Fmedia&parent=163"}],"curies":[{"name":"wp","href":"https:\/\/api.w.org\/{rel}","templated":true}]}}