{"id":218,"date":"2024-01-08T17:46:52","date_gmt":"2024-01-08T17:46:52","guid":{"rendered":"https:\/\/asthmaar.com\/?page_id=218"},"modified":"2024-01-24T20:48:10","modified_gmt":"2024-01-24T20:48:10","slug":"informacion-de-recursos","status":"publish","type":"page","link":"https:\/\/asthmaar.com\/?page_id=218","title":{"rendered":"Informaci\u00f3n de recursos\u00a0"},"content":{"rendered":"<div data-elementor-type=\"wp-page\" data-elementor-id=\"218\" class=\"elementor elementor-218\"> \t\t\t\t\t\t<section class=\"elementor-section elementor-top-section elementor-element elementor-element-e637979 elementor-section-boxed elementor-section-height-default elementor-section-height-default\" data-id=\"e637979\" data-element_type=\"section\"> \t\t\t\t\t\t<div class=\"elementor-container elementor-column-gap-default\"> \t\t\t\t\t<div class=\"elementor-column elementor-col-100 elementor-top-column elementor-element elementor-element-f9177ed\" data-id=\"f9177ed\" data-element_type=\"column\"> \t\t\t<div class=\"elementor-widget-wrap elementor-element-populated\"> \t\t\t\t\t\t<div class=\"elementor-element elementor-element-855265e elementor-widget elementor-widget-heading\" data-id=\"855265e\" data-element_type=\"widget\" data-widget_type=\"heading.default\"> \t\t\t\t<div class=\"elementor-widget-container\"> \t\t\t<style>\/*! elementor - v3.20.0 - 20-03-2024 *\/ .elementor-heading-title{padding:0;margin:0;line-height:1}.elementor-widget-heading .elementor-heading-title[class*=elementor-size-]>a{color:inherit;font-size:inherit;line-height:inherit}.elementor-widget-heading .elementor-heading-title.elementor-size-small{font-size:15px}.elementor-widget-heading .elementor-heading-title.elementor-size-medium{font-size:19px}.elementor-widget-heading .elementor-heading-title.elementor-size-large{font-size:29px}.elementor-widget-heading .elementor-heading-title.elementor-size-xl{font-size:39px}.elementor-widget-heading .elementor-heading-title.elementor-size-xxl{font-size:59px}<\/style><h2 class=\"elementor-heading-title elementor-size-default\">\u00bfC\u00f3mo s\u00e9 si mi asma est\u00e1 bajo control? <\/h2>\t\t<\/div> \t\t\t\t<\/div> \t\t\t\t<div class=\"elementor-element elementor-element-eb3741d elementor-widget elementor-widget-text-editor\" data-id=\"eb3741d\" data-element_type=\"widget\" data-widget_type=\"text-editor.default\"> \t\t\t\t<div class=\"elementor-widget-container\"> \t\t\t<style>\/*! elementor - v3.20.0 - 20-03-2024 *\/ .elementor-widget-text-editor.elementor-drop-cap-view-stacked .elementor-drop-cap{background-color:#69727d;color:#fff}.elementor-widget-text-editor.elementor-drop-cap-view-framed .elementor-drop-cap{color:#69727d;border:3px solid;background-color:transparent}.elementor-widget-text-editor:not(.elementor-drop-cap-view-default) .elementor-drop-cap{margin-top:8px}.elementor-widget-text-editor:not(.elementor-drop-cap-view-default) .elementor-drop-cap-letter{width:1em;height:1em}.elementor-widget-text-editor .elementor-drop-cap{float:left;text-align:center;line-height:1;font-size:50px}.elementor-widget-text-editor .elementor-drop-cap-letter{display:inline-block}<\/style>\t\t\t\t<p><span data-contrast=\"auto\">Puede hacerse una prueba para ver si su asma est\u00e1 bien controlada. Haga esta prueba y lleve los resultados a su pr\u00f3xima cita con su doctor. La prueba le dar\u00e1 un n\u00famero. Si su puntuaci\u00f3n es:<\/span><span data-ccp-props=\"{}\">\u00a0<\/span><\/p><ul><li data-leveltext=\"\u25cf\" data-font=\"Noto Sans Symbols\" data-listid=\"7\" data-list-defn-props=\"{&quot;335552541&quot;:1,&quot;335559684&quot;:-2,&quot;335559685&quot;:720,&quot;335559991&quot;:360,&quot;469769226&quot;:&quot;Noto Sans Symbols&quot;,&quot;469769242&quot;:[8226],&quot;469777803&quot;:&quot;left&quot;,&quot;469777804&quot;:&quot;\u25cf&quot;,&quot;469777815&quot;:&quot;multilevel&quot;}\" aria-setsize=\"-1\" data-aria-posinset=\"1\" data-aria-level=\"1\"><span data-contrast=\"auto\">0 a 14 su asma no est\u00e1 bajo control. Hable con su doctor inmediatamente sobre su puntuaci\u00f3n.\u00a0<\/span><span data-ccp-props=\"{}\">\u00a0<\/span><\/li><li data-leveltext=\"\u25cf\" data-font=\"Noto Sans Symbols\" data-listid=\"7\" data-list-defn-props=\"{&quot;335552541&quot;:1,&quot;335559684&quot;:-2,&quot;335559685&quot;:720,&quot;335559991&quot;:360,&quot;469769226&quot;:&quot;Noto Sans Symbols&quot;,&quot;469769242&quot;:[8226],&quot;469777803&quot;:&quot;left&quot;,&quot;469777804&quot;:&quot;\u25cf&quot;,&quot;469777815&quot;:&quot;multilevel&quot;}\" aria-setsize=\"-1\" data-aria-posinset=\"2\" data-aria-level=\"1\"><span data-contrast=\"auto\">15 a 19 su asma est\u00e1 controlada. Hable con su doctor sobre su puntuaci\u00f3n.<\/span><span data-ccp-props=\"{}\">\u00a0<\/span><\/li><li data-leveltext=\"\u25cf\" data-font=\"Noto Sans Symbols\" data-listid=\"7\" data-list-defn-props=\"{&quot;335552541&quot;:1,&quot;335559684&quot;:-2,&quot;335559685&quot;:720,&quot;335559991&quot;:360,&quot;469769226&quot;:&quot;Noto Sans Symbols&quot;,&quot;469769242&quot;:[8226],&quot;469777803&quot;:&quot;left&quot;,&quot;469777804&quot;:&quot;\u25cf&quot;,&quot;469777815&quot;:&quot;multilevel&quot;}\" aria-setsize=\"-1\" data-aria-posinset=\"3\" data-aria-level=\"1\"><span data-contrast=\"auto\">Entre 20 y 25 su asma est\u00e1 bien controlada. Siga haciendo lo que est\u00e1 haciendo para controlarla.<\/span><span data-ccp-props=\"{}\">\u00a0<\/span><span style=\"color: var( --e-global-color-secondary ); font-family: var( --e-global-typography-text-font-family ), Sans-serif; font-size: 1.8rem;\">\u00a0<\/span><\/li><\/ul><p><span data-contrast=\"auto\">Para tomar la prueba<\/span><span data-contrast=\"none\">, visite: <\/span><a href=\"https:\/\/www.asthma.com\/understanding-asthma\/severe-asthma\/asthma-control-test\/\"><span data-contrast=\"none\">https:\/\/www.asthma.com\/understanding-asthma\/severe-asthma\/asthma-control-test\/<\/span><\/a><span data-contrast=\"none\">.<\/span><span data-contrast=\"none\">\u202f<\/span><span data-ccp-props=\"{}\">\u00a0<\/span><\/p>\t\t\t\t\t\t<\/div> \t\t\t\t<\/div> \t\t\t\t<div class=\"elementor-element elementor-element-06ffe5a elementor-widget elementor-widget-heading\" data-id=\"06ffe5a\" data-element_type=\"widget\" data-widget_type=\"heading.default\"> \t\t\t\t<div class=\"elementor-widget-container\"> \t\t\t<h2 class=\"elementor-heading-title elementor-size-default\">\u00bfC\u00f3mo encuentro un doctor?\u202f <\/h2>\t\t<\/div> \t\t\t\t<\/div> \t\t\t\t<div class=\"elementor-element elementor-element-2e4d821 elementor-widget elementor-widget-text-editor\" data-id=\"2e4d821\" data-element_type=\"widget\" data-widget_type=\"text-editor.default\"> \t\t\t\t<div class=\"elementor-widget-container\"> \t\t\t\t\t\t\t<p><span data-contrast=\"none\">Para encontrar doctores de UAMS que diagnostiquen y traten el asma, visite <\/span><a href=\"https:\/\/uamshealth.com\/condition\/asthma\/\"><span data-contrast=\"none\">https:\/\/uamshealth.com\/condition\/asthma\/<\/span><\/a><span data-contrast=\"none\">. Tambi\u00e9n puede seleccionar en qu\u00e9 regi\u00f3n del estado para buscar.<\/span><span data-ccp-props=\"{}\">\u00a0<\/span><span style=\"color: var( --e-global-color-secondary ); font-family: var( --e-global-typography-text-font-family ), Sans-serif; font-size: 1.8rem;\" data-contrast=\"none\">\u202f\u202f<\/span><span style=\"color: var( --e-global-color-secondary ); font-family: var( --e-global-typography-text-font-family ), Sans-serif; font-size: 1.8rem;\" data-ccp-props=\"{}\">\u00a0<\/span><\/p><p><span data-contrast=\"auto\">Para encontrar doctores en <\/span><span data-contrast=\"none\">Arkansas <\/span><span data-contrast=\"auto\">que aceptan <\/span><span data-contrast=\"none\">Medicaid, <\/span><span data-contrast=\"auto\">visite:<\/span> <a href=\"https:\/\/humanservices.arkansas.gov\/find-service-providers\/\"><span data-contrast=\"none\">https:\/\/humanservices.arkansas.gov\/find-service-providers\/<\/span><\/a><span data-contrast=\"none\">\u202f<\/span><span data-ccp-props=\"{}\">\u00a0<\/span><\/p>\t\t\t\t\t\t<\/div> \t\t\t\t<\/div> \t\t\t\t<div class=\"elementor-element elementor-element-72e0d3d elementor-widget elementor-widget-heading\" data-id=\"72e0d3d\" data-element_type=\"widget\" data-widget_type=\"heading.default\"> \t\t\t\t<div class=\"elementor-widget-container\"> \t\t\t<h2 class=\"elementor-heading-title elementor-size-default\">\u00bfQu\u00e9 puedo hacer si me siento ansioso, triste o estresado?\u202f <\/h2>\t\t<\/div> \t\t\t\t<\/div> \t\t\t\t<div class=\"elementor-element elementor-element-4ca95a4 elementor-widget elementor-widget-text-editor\" data-id=\"4ca95a4\" data-element_type=\"widget\" data-widget_type=\"text-editor.default\"> \t\t\t\t<div class=\"elementor-widget-container\"> \t\t\t\t\t\t\t<p><span data-contrast=\"none\">AR ConnectNow <\/span><span data-contrast=\"auto\">tiene recursos para residentes de <\/span><span data-contrast=\"none\">Arkansa<\/span><span data-contrast=\"auto\">s que sufren de:<\/span><span data-ccp-props=\"{}\">&nbsp;<\/span><\/p> <ul> <li data-leveltext=\"\u25cf\" data-font=\"Noto Sans Symbols\" data-listid=\"5\" data-list-defn-props=\"{&quot;335552541&quot;:1,&quot;335559684&quot;:-2,&quot;335559685&quot;:720,&quot;335559991&quot;:360,&quot;469769226&quot;:&quot;Noto Sans Symbols&quot;,&quot;469769242&quot;:[8226],&quot;469777803&quot;:&quot;left&quot;,&quot;469777804&quot;:&quot;\u25cf&quot;,&quot;469777815&quot;:&quot;multilevel&quot;}\" aria-setsize=\"-1\" data-aria-posinset=\"1\" data-aria-level=\"1\"><span data-contrast=\"none\">An<\/span><span data-contrast=\"auto\">siedad<\/span><span data-ccp-props=\"{}\">&nbsp;<\/span><\/li> <li data-leveltext=\"\u25cf\" data-font=\"Noto Sans Symbols\" data-listid=\"5\" data-list-defn-props=\"{&quot;335552541&quot;:1,&quot;335559684&quot;:-2,&quot;335559685&quot;:720,&quot;335559991&quot;:360,&quot;469769226&quot;:&quot;Noto Sans Symbols&quot;,&quot;469769242&quot;:[8226],&quot;469777803&quot;:&quot;left&quot;,&quot;469777804&quot;:&quot;\u25cf&quot;,&quot;469777815&quot;:&quot;multilevel&quot;}\" aria-setsize=\"-1\" data-aria-posinset=\"2\" data-aria-level=\"1\"><span data-contrast=\"none\">Depres<\/span><span data-contrast=\"auto\">i\u00f3n<\/span><span data-ccp-props=\"{}\">&nbsp;<\/span><\/li> <li data-leveltext=\"\u25cf\" data-font=\"Noto Sans Symbols\" data-listid=\"5\" data-list-defn-props=\"{&quot;335552541&quot;:1,&quot;335559684&quot;:-2,&quot;335559685&quot;:720,&quot;335559991&quot;:360,&quot;469769226&quot;:&quot;Noto Sans Symbols&quot;,&quot;469769242&quot;:[8226],&quot;469777803&quot;:&quot;left&quot;,&quot;469777804&quot;:&quot;\u25cf&quot;,&quot;469777815&quot;:&quot;multilevel&quot;}\" aria-setsize=\"-1\" data-aria-posinset=\"3\" data-aria-level=\"1\"><span data-contrast=\"auto\">Estr\u00e9s<\/span><span data-ccp-props=\"{}\">&nbsp;<\/span><span style=\"color: var( --e-global-color-secondary ); font-family: var( --e-global-typography-text-font-family ), Sans-serif; font-size: 1.8rem;\" data-contrast=\"none\">\u202f\u202f<\/span><span style=\"color: var( --e-global-color-secondary ); font-family: var( --e-global-typography-text-font-family ), Sans-serif; font-size: 1.8rem;\" data-ccp-props=\"{}\">&nbsp;<\/span><\/li> <\/ul> <p><span data-contrast=\"auto\">AR ConnectNow tambi\u00e9n es una cl\u00ednica virtual o en l\u00ednea. Est\u00e1 disponible de 8:00 AM a 5:00 PM de lunes a viernes. Pero puede llamar al centro de llamadas en cualquier momento. Est\u00e1n abiertos las 24 horas todos los d\u00edas.<\/span><span data-ccp-props=\"{}\">&nbsp;<\/span><\/p> <p><span style=\"color: var( --e-global-color-secondary ); font-family: var( --e-global-typography-text-font-family ), Sans-serif; font-size: 1.8rem;\" data-contrast=\"auto\">Para m\u00e1s detalles, visite:<\/span> <a style=\"font-family: var( --e-global-typography-text-font-family ), Sans-serif; font-size: 1.8rem;\" href=\"https:\/\/uamshealth.com\/ar-connectnow\/\"><span data-contrast=\"none\">https:\/\/uamshealth.com\/ar-connectnow\/<\/span><\/a><span style=\"color: var( --e-global-color-secondary ); font-family: var( --e-global-typography-text-font-family ), Sans-serif; font-size: 1.8rem;\" data-contrast=\"none\">.<\/span><span style=\"color: var( --e-global-color-secondary ); font-family: var( --e-global-typography-text-font-family ), Sans-serif; font-size: 1.8rem;\" data-ccp-props=\"{}\">&nbsp;<\/span><\/p> <p><span data-ccp-props=\"{}\">&nbsp;<\/span><\/p>\t\t\t\t\t\t<\/div> \t\t\t\t<\/div> \t\t\t\t\t<\/div> \t\t<\/div> \t\t\t\t\t<\/div> \t\t<\/section> \t\t\t\t<\/div>","protected":false},"excerpt":{"rendered":"<p>\u00bfC\u00f3mo s\u00e9 si mi asma est\u00e1 bajo control? Puede hacerse una prueba para ver si su asma est\u00e1 bien controlada. Haga esta prueba y lleve los resultados a su pr\u00f3xima cita con su doctor. La prueba le dar\u00e1 un n\u00famero. Si su puntuaci\u00f3n es:\u00a0 0 a 14 su asma no est\u00e1 bajo control. Hable con [&hellip;]<\/p>\n","protected":false},"author":1,"featured_media":0,"parent":0,"menu_order":0,"comment_status":"closed","ping_status":"closed","template":"","meta":{"om_disable_all_campaigns":false,"_monsterinsights_skip_tracking":false,"_monsterinsights_sitenote_active":false,"_monsterinsights_sitenote_note":"","_monsterinsights_sitenote_category":0,"_uf_show_specific_survey":0,"_uf_disable_surveys":false},"aioseo_notices":[],"_links":{"self":[{"href":"https:\/\/asthmaar.com\/index.php?rest_route=\/wp\/v2\/pages\/218"}],"collection":[{"href":"https:\/\/asthmaar.com\/index.php?rest_route=\/wp\/v2\/pages"}],"about":[{"href":"https:\/\/asthmaar.com\/index.php?rest_route=\/wp\/v2\/types\/page"}],"author":[{"embeddable":true,"href":"https:\/\/asthmaar.com\/index.php?rest_route=\/wp\/v2\/users\/1"}],"replies":[{"embeddable":true,"href":"https:\/\/asthmaar.com\/index.php?rest_route=%2Fwp%2Fv2%2Fcomments&post=218"}],"version-history":[{"count":10,"href":"https:\/\/asthmaar.com\/index.php?rest_route=\/wp\/v2\/pages\/218\/revisions"}],"predecessor-version":[{"id":296,"href":"https:\/\/asthmaar.com\/index.php?rest_route=\/wp\/v2\/pages\/218\/revisions\/296"}],"wp:attachment":[{"href":"https:\/\/asthmaar.com\/index.php?rest_route=%2Fwp%2Fv2%2Fmedia&parent=218"}],"curies":[{"name":"wp","href":"https:\/\/api.w.org\/{rel}","templated":true}]}}